{"id":922,"date":"2022-08-28T14:43:13","date_gmt":"2022-08-28T13:43:13","guid":{"rendered":"https:\/\/zsp3.getspaceone.pl\/?page_id=922"},"modified":"2025-09-02T04:12:54","modified_gmt":"2025-09-02T03:12:54","slug":"kadra-pedagogiczna","status":"publish","type":"page","link":"https:\/\/zsp3.com.pl\/index.php\/szkola\/kadra-pedagogiczna\/","title":{"rendered":"Kadra pedagogiczna"},"content":{"rendered":"\t\t<div data-elementor-type=\"wp-page\" data-elementor-id=\"922\" class=\"elementor elementor-922\" data-elementor-post-type=\"page\">\n\t\t\t\t\t\t<section class=\"elementor-section elementor-top-section elementor-element elementor-element-4bb63ec3 elementor-section-boxed elementor-section-height-default elementor-section-height-default\" data-id=\"4bb63ec3\" data-element_type=\"section\" data-e-type=\"section\" data-settings=\"{&quot;background_background&quot;:&quot;classic&quot;}\">\n\t\t\t\t\t\t\t<div class=\"elementor-background-overlay\"><\/div>\n\t\t\t\t\t\t\t<div class=\"elementor-container elementor-column-gap-default\">\n\t\t\t\t\t<div class=\"elementor-column elementor-col-100 elementor-top-column elementor-element elementor-element-38c175e5\" data-id=\"38c175e5\" data-element_type=\"column\" data-e-type=\"column\">\n\t\t\t<div class=\"elementor-widget-wrap elementor-element-populated\">\n\t\t\t\t\t\t<div class=\"elementor-element elementor-element-1c33ba6f elementor-widget elementor-widget-heading\" data-id=\"1c33ba6f\" data-element_type=\"widget\" data-e-type=\"widget\" data-widget_type=\"heading.default\">\n\t\t\t\t<div class=\"elementor-widget-container\">\n\t\t\t\t\t<h2 class=\"elementor-heading-title elementor-size-default\">Kadra pedagogiczna<\/h2>\t\t\t\t<\/div>\n\t\t\t\t<\/div>\n\t\t\t\t\t<\/div>\n\t\t<\/div>\n\t\t\t\t\t<\/div>\n\t\t<\/section>\n\t\t\t\t<section class=\"elementor-section elementor-top-section elementor-element elementor-element-531475e elementor-section-boxed elementor-section-height-default elementor-section-height-default\" data-id=\"531475e\" data-element_type=\"section\" data-e-type=\"section\">\n\t\t\t\t\t\t<div class=\"elementor-container elementor-column-gap-default\">\n\t\t\t\t\t<div class=\"elementor-column elementor-col-100 elementor-top-column elementor-element elementor-element-f774e9e\" data-id=\"f774e9e\" data-element_type=\"column\" data-e-type=\"column\">\n\t\t\t<div class=\"elementor-widget-wrap elementor-element-populated\">\n\t\t\t\t\t\t<div class=\"elementor-element elementor-element-cb1554b elementor-widget elementor-widget-heading\" data-id=\"cb1554b\" data-element_type=\"widget\" data-e-type=\"widget\" data-widget_type=\"heading.default\">\n\t\t\t\t<div class=\"elementor-widget-container\">\n\t\t\t\t\t<h2 class=\"elementor-heading-title elementor-size-default\">Lista nauczycieli - Rok szkolny 2024\/2025<\/h2>\t\t\t\t<\/div>\n\t\t\t\t<\/div>\n\t\t\t\t<div class=\"elementor-element elementor-element-3425e72 elementor-widget elementor-widget-text-editor\" data-id=\"3425e72\" data-element_type=\"widget\" data-e-type=\"widget\" data-widget_type=\"text-editor.default\">\n\t\t\t\t<div class=\"elementor-widget-container\">\n\t\t\t\t\t\t\t\t\t<table width=\"562\"><tbody><tr><td width=\"47\"><p>Lp.<\/p><\/td><td width=\"515\"><p><strong>Nazwisko i imi\u0119<\/strong><\/p><\/td><\/tr><tr><td width=\"47\"><p>1<\/p><\/td><td width=\"515\"><p><strong>Izabela Kossakowska \u2013 dyrektor szko\u0142y<\/strong><\/p><\/td><\/tr><tr><td width=\"47\"><p>2<\/p><\/td><td width=\"515\"><p><strong>Mariola Ilnicka \u2013 wicedyrektor szko\u0142y<\/strong><\/p><\/td><\/tr><tr><td width=\"47\"><p>3<\/p><\/td><td width=\"515\"><p><strong>Andrzej Sm\u00f3\u0142kowski \u2013 kierownik szkolenia praktycznego<\/strong><\/p><\/td><\/tr><tr><td width=\"47\"><p>4<\/p><\/td><td width=\"515\"><p>Augustyniak Pawe\u0142<\/p><\/td><\/tr><tr><td width=\"47\"><p>5<\/p><\/td><td width=\"515\"><p>Berger Wies\u0142aw<\/p><\/td><\/tr><tr><td width=\"47\"><p>6<\/p><\/td><td width=\"515\"><p>Chojnicki Andrzej<\/p><\/td><\/tr><tr><td width=\"47\"><p>7<\/p><\/td><td width=\"515\"><p>Filipiak Mariusz<\/p><\/td><\/tr><tr><td width=\"47\"><p>8<\/p><\/td><td width=\"515\"><p>Gabryelczyk Piotr<\/p><\/td><\/tr><tr><td width=\"47\"><p>9<\/p><\/td><td width=\"515\"><p>Gogolewska Aldona<\/p><\/td><\/tr><tr><td width=\"47\"><p>10<\/p><\/td><td width=\"515\"><p>Ilnicki Tomasz<\/p><\/td><\/tr><tr><td width=\"47\"><p>11<\/p><\/td><td width=\"515\"><p>Kaczmarek Mariola<\/p><\/td><\/tr><tr><td width=\"47\"><p>12<\/p><\/td><td width=\"515\"><p>Kasprolewicz Marzena<\/p><\/td><\/tr><tr><td width=\"47\"><p>13<\/p><\/td><td width=\"515\"><p>Kmie\u0107 Ewa<\/p><\/td><\/tr><tr><td width=\"47\"><p>14<\/p><\/td><td width=\"515\"><p>Krawczyk Robert<\/p><\/td><\/tr><tr><td width=\"47\"><p>15<\/p><\/td><td width=\"515\"><p>\u0141opaczyk Aleksandra<\/p><\/td><\/tr><tr><td width=\"47\"><p>16<\/p><\/td><td width=\"515\"><p>\u0141opaczyk Tomasz<\/p><\/td><\/tr><tr><td width=\"47\"><p>17<\/p><\/td><td width=\"515\"><p>Matuszek Adam<\/p><\/td><\/tr><tr><td width=\"47\"><p>18<\/p><\/td><td width=\"515\"><p>Miko\u0142ajczak Filip<\/p><\/td><\/tr><tr><td width=\"47\"><p>19<\/p><\/td><td width=\"515\"><p>Muszy\u0144ska Marcelina<\/p><\/td><\/tr><tr><td width=\"47\"><p>20<\/p><\/td><td width=\"515\"><p>Nele Renata<\/p><\/td><\/tr><tr><td width=\"47\"><p>21<\/p><\/td><td width=\"515\"><p>Nowak Angelina<\/p><\/td><\/tr><tr><td width=\"47\"><p>22<\/p><\/td><td width=\"515\"><p>Nowak Grzegorz<\/p><\/td><\/tr><tr><td width=\"47\"><p>23<\/p><\/td><td width=\"515\"><p>Olejniczak Karol<\/p><\/td><\/tr><tr><td width=\"47\"><p>24<\/p><\/td><td width=\"515\"><p>Otworowski Damian<\/p><\/td><\/tr><tr><td width=\"47\"><p>25<\/p><\/td><td width=\"515\"><p>Papierska Katarzyna<\/p><\/td><\/tr><tr><td width=\"47\"><p>26<\/p><\/td><td width=\"515\"><p>Paprocki Krzysztof<\/p><\/td><\/tr><tr><td width=\"47\"><p>27<\/p><\/td><td width=\"515\"><p>P\u0142\u00f3cienniczak Ewa<\/p><\/td><\/tr><tr><td width=\"47\"><p>28<\/p><\/td><td width=\"515\"><p>Podziomek Anna<\/p><\/td><\/tr><tr><td width=\"47\"><p>29<\/p><\/td><td width=\"515\"><p>Politowicz Justyna<\/p><\/td><\/tr><tr><td width=\"47\"><p>30<\/p><\/td><td width=\"515\"><p>Rau-Ga\u0142\u0119ska Iwona<\/p><\/td><\/tr><tr><td width=\"47\"><p>31<\/p><\/td><td width=\"515\"><p>Rettig Krzysztof<\/p><\/td><\/tr><tr><td width=\"47\"><p>32<\/p><\/td><td width=\"515\"><p>Robakowska Justyna<\/p><\/td><\/tr><tr><td width=\"47\"><p>33<\/p><\/td><td width=\"515\"><p>Rosik Joanna<\/p><\/td><\/tr><tr><td width=\"47\"><p>34<\/p><\/td><td width=\"515\"><p>Siudy Dorota<\/p><\/td><\/tr><tr><td width=\"47\"><p>35<\/p><\/td><td width=\"515\"><p>Sobczak Maria<\/p><\/td><\/tr><tr><td width=\"47\"><p>36<\/p><\/td><td width=\"515\"><p>Stefa\u0144ski Rados\u0142aw<\/p><\/td><\/tr><tr><td width=\"47\"><p>37<\/p><\/td><td width=\"515\"><p>Sza\u0142 Julita<\/p><\/td><\/tr><tr><td width=\"47\"><p>38<\/p><\/td><td width=\"515\"><p>Szczotka Robert<\/p><\/td><\/tr><tr><td width=\"47\"><p>39<\/p><\/td><td width=\"515\"><p>Szyma\u0144ski Jacek<\/p><\/td><\/tr><tr><td width=\"47\"><p>40<\/p><\/td><td width=\"515\"><p>Wa\u0142\u0119siak Ma\u0142gorzata<\/p><\/td><\/tr><tr><td width=\"47\"><p>41<\/p><\/td><td width=\"515\"><p>Wiedemann Piotr<\/p><\/td><\/tr><tr><td width=\"47\"><p>42<\/p><\/td><td width=\"515\"><p>Witczak Ilona<\/p><\/td><\/tr><tr><td width=\"47\"><p>43<\/p><\/td><td width=\"515\"><p>Wojciechowska Iwona<\/p><\/td><\/tr><tr><td width=\"47\"><p>44<\/p><\/td><td width=\"515\"><p>W\u00f3jcik Adam<\/p><\/td><\/tr><tr><td width=\"47\"><p>45<\/p><\/td><td width=\"515\"><p>Zimmermann Irma<\/p><\/td><\/tr><tr><td width=\"47\"><p>46<\/p><\/td><td width=\"515\"><p>Zuchowska-\u0141odyga Maria<\/p><\/td><\/tr><tr><td width=\"47\"><p>47<\/p><\/td><td width=\"515\"><p>Zwierz Pawe\u0142<\/p><\/td><\/tr><\/tbody><\/table><!--a=1-->\t\t\t\t\t\t\t\t<\/div>\n\t\t\t\t<\/div>\n\t\t\t\t\t<\/div>\n\t\t<\/div>\n\t\t\t\t\t<\/div>\n\t\t<\/section>\n\t\t\t\t<section class=\"elementor-section elementor-top-section elementor-element elementor-element-49a3b56c elementor-section-boxed elementor-section-height-default elementor-section-height-default\" data-id=\"49a3b56c\" data-element_type=\"section\" data-e-type=\"section\" id=\"xs_count_16\" data-settings=\"{&quot;background_background&quot;:&quot;classic&quot;}\">\n\t\t\t\t\t\t<div class=\"elementor-container elementor-column-gap-default\">\n\t\t\t\t\t<div class=\"elementor-column elementor-col-100 elementor-top-column elementor-element elementor-element-6bde22c\" data-id=\"6bde22c\" data-element_type=\"column\" data-e-type=\"column\">\n\t\t\t<div class=\"elementor-widget-wrap elementor-element-populated\">\n\t\t\t\t\t\t<div class=\"elementor-element elementor-element-dbbdcdb elementor-widget elementor-widget-heading\" data-id=\"dbbdcdb\" data-element_type=\"widget\" data-e-type=\"widget\" data-widget_type=\"heading.default\">\n\t\t\t\t<div class=\"elementor-widget-container\">\n\t\t\t\t\t<h2 class=\"elementor-heading-title elementor-size-default\">Adresy e-mail<\/h2>\t\t\t\t<\/div>\n\t\t\t\t<\/div>\n\t\t\t\t<section class=\"elementor-section elementor-inner-section elementor-element elementor-element-1570110 elementor-section-boxed elementor-section-height-default elementor-section-height-default\" data-id=\"1570110\" data-element_type=\"section\" data-e-type=\"section\">\n\t\t\t\t\t\t<div class=\"elementor-container elementor-column-gap-default\">\n\t\t\t\t\t<div class=\"elementor-column elementor-col-100 elementor-inner-column elementor-element elementor-element-8b8fffb\" data-id=\"8b8fffb\" data-element_type=\"column\" data-e-type=\"column\">\n\t\t\t<div class=\"elementor-widget-wrap elementor-element-populated\">\n\t\t\t\t\t\t<div class=\"elementor-element elementor-element-2ae3266 elementor-widget elementor-widget-text-editor\" data-id=\"2ae3266\" data-element_type=\"widget\" data-e-type=\"widget\" data-widget_type=\"text-editor.default\">\n\t\t\t\t<div class=\"elementor-widget-container\">\n\t\t\t\t\t\t\t\t\t<p>Ka\u017cdy nauczyciel zatrudniony w naszej szkole posiada e-mail wg wzoru imie.nazwisko@zsp3.com.pl. <br \/><span style=\"font-family: Poppins; font-size: 14px; font-style: normal; font-variant-ligatures: normal; font-variant-caps: normal; font-weight: 400;\">Ka\u017cdy ucze\u0144 w naszej szkole posiada e-mail wg wzoru nazwisko.imie@zsp3.com.pl.<\/span><br \/>W imieniu i nazwisku nie u\u017cywamy polskich znak\u00f3w diakrytycznych (zamiast np. \u0105 piszemy a, zamiast \u0142 piszemy l itd.)<\/p>\t\t\t\t\t\t\t\t<\/div>\n\t\t\t\t<\/div>\n\t\t\t\t\t<\/div>\n\t\t<\/div>\n\t\t\t\t\t<\/div>\n\t\t<\/section>\n\t\t\t\t\t<\/div>\n\t\t<\/div>\n\t\t\t\t\t<\/div>\n\t\t<\/section>\n\t\t\t\t<section class=\"elementor-section elementor-top-section elementor-element elementor-element-562b577e elementor-section-boxed elementor-section-height-default elementor-section-height-default\" data-id=\"562b577e\" data-element_type=\"section\" data-e-type=\"section\" data-settings=\"{&quot;background_background&quot;:&quot;classic&quot;}\">\n\t\t\t\t\t\t\t<div class=\"elementor-background-overlay\"><\/div>\n\t\t\t\t\t\t\t<div class=\"elementor-container elementor-column-gap-default\">\n\t\t\t\t\t<div class=\"elementor-column elementor-col-100 elementor-top-column elementor-element elementor-element-6c7f904e\" data-id=\"6c7f904e\" data-element_type=\"column\" data-e-type=\"column\">\n\t\t\t<div class=\"elementor-widget-wrap elementor-element-populated\">\n\t\t\t\t\t\t<div class=\"elementor-element elementor-element-58cefd3a elementor-widget elementor-widget-heading\" data-id=\"58cefd3a\" data-element_type=\"widget\" data-e-type=\"widget\" data-widget_type=\"heading.default\">\n\t\t\t\t<div class=\"elementor-widget-container\">\n\t\t\t\t\t<h2 class=\"elementor-heading-title elementor-size-default\">Masz jakie\u015b pytanie? <br> Skontaktuj si\u0119 z nami!<\/h2>\t\t\t\t<\/div>\n\t\t\t\t<\/div>\n\t\t\t\t<div class=\"elementor-element elementor-element-1cce1c5a elementor-mobile-align-center elementor-align-center elementor-widget elementor-widget-button\" data-id=\"1cce1c5a\" data-element_type=\"widget\" data-e-type=\"widget\" data-widget_type=\"button.default\">\n\t\t\t\t<div class=\"elementor-widget-container\">\n\t\t\t\t\t\t\t\t\t<div class=\"elementor-button-wrapper\">\n\t\t\t\t\t<a class=\"elementor-button elementor-button-link elementor-size-md elementor-animation-float\" href=\"http:\/\/zsp3.com.pl\/index.php\/kontakt\/\">\n\t\t\t\t\t\t<span class=\"elementor-button-content-wrapper\">\n\t\t\t\t\t\t<span class=\"elementor-button-icon\">\n\t\t\t\t<i aria-hidden=\"true\" class=\"fas fa-long-arrow-alt-right\"><\/i>\t\t\t<\/span>\n\t\t\t\t\t\t\t\t\t<span class=\"elementor-button-text\">Kontakt<\/span>\n\t\t\t\t\t<\/span>\n\t\t\t\t\t<\/a>\n\t\t\t\t<\/div>\n\t\t\t\t\t\t\t\t<\/div>\n\t\t\t\t<\/div>\n\t\t\t\t\t<\/div>\n\t\t<\/div>\n\t\t\t\t\t<\/div>\n\t\t<\/section>\n\t\t\t\t<\/div>\n\t\t","protected":false},"excerpt":{"rendered":"<p>Kadra pedagogiczna Lista nauczycieli &#8211; Rok szkolny 2024\/2025 Lp. Nazwisko i imi\u0119 1 Izabela Kossakowska \u2013 dyrektor szko\u0142y 2 Mariola Ilnicka \u2013 wicedyrektor szko\u0142y 3 Andrzej Sm\u00f3\u0142kowski \u2013 kierownik szkolenia praktycznego 4 Augustyniak Pawe\u0142 5 Berger Wies\u0142aw 6 Chojnicki Andrzej 7 Filipiak Mariusz 8 Gabryelczyk Piotr 9 Gogolewska Aldona 10 Ilnicki Tomasz 11 Kaczmarek Mariola [&hellip;]<\/p>\n","protected":false},"author":1,"featured_media":0,"parent":857,"menu_order":0,"comment_status":"closed","ping_status":"closed","template":"elementor_header_footer","meta":{"ocean_post_layout":"full-screen","ocean_both_sidebars_style":"","ocean_both_sidebars_content_width":0,"ocean_both_sidebars_sidebars_width":0,"ocean_sidebar":"0","ocean_second_sidebar":"0","ocean_disable_margins":"enable","ocean_add_body_class":"","ocean_shortcode_before_top_bar":"","ocean_shortcode_after_top_bar":"","ocean_shortcode_before_header":"","ocean_shortcode_after_header":"","ocean_has_shortcode":"","ocean_shortcode_after_title":"","ocean_shortcode_before_footer_widgets":"","ocean_shortcode_after_footer_widgets":"","ocean_shortcode_before_footer_bottom":"","ocean_shortcode_after_footer_bottom":"","ocean_display_top_bar":"default","ocean_display_header":"default","ocean_header_style":"","ocean_center_header_left_menu":"0","ocean_custom_header_template":"0","ocean_custom_logo":0,"ocean_custom_retina_logo":0,"ocean_custom_logo_max_width":0,"ocean_custom_logo_tablet_max_width":0,"ocean_custom_logo_mobile_max_width":0,"ocean_custom_logo_max_height":0,"ocean_custom_logo_tablet_max_height":0,"ocean_custom_logo_mobile_max_height":0,"ocean_header_custom_menu":"0","ocean_menu_typo_font_family":"0","ocean_menu_typo_font_subset":"","ocean_menu_typo_font_size":0,"ocean_menu_typo_font_size_tablet":0,"ocean_menu_typo_font_size_mobile":0,"ocean_menu_typo_font_size_unit":"px","ocean_menu_typo_font_weight":"","ocean_menu_typo_font_weight_tablet":"","ocean_menu_typo_font_weight_mobile":"","ocean_menu_typo_transform":"","ocean_menu_typo_transform_tablet":"","ocean_menu_typo_transform_mobile":"","ocean_menu_typo_line_height":0,"ocean_menu_typo_line_height_tablet":0,"ocean_menu_typo_line_height_mobile":0,"ocean_menu_typo_line_height_unit":"","ocean_menu_typo_spacing":0,"ocean_menu_typo_spacing_tablet":0,"ocean_menu_typo_spacing_mobile":0,"ocean_menu_typo_spacing_unit":"","ocean_menu_link_color":"","ocean_menu_link_color_hover":"","ocean_menu_link_color_active":"","ocean_menu_link_background":"","ocean_menu_link_hover_background":"","ocean_menu_link_active_background":"","ocean_menu_social_links_bg":"","ocean_menu_social_hover_links_bg":"","ocean_menu_social_links_color":"","ocean_menu_social_hover_links_color":"","ocean_disable_title":"default","ocean_disable_heading":"default","ocean_post_title":"","ocean_post_subheading":"","ocean_post_title_style":"","ocean_post_title_background_color":"","ocean_post_title_background":0,"ocean_post_title_bg_image_position":"","ocean_post_title_bg_image_attachment":"","ocean_post_title_bg_image_repeat":"","ocean_post_title_bg_image_size":"","ocean_post_title_height":0,"ocean_post_title_bg_overlay":0.5,"ocean_post_title_bg_overlay_color":"","ocean_disable_breadcrumbs":"default","ocean_breadcrumbs_color":"","ocean_breadcrumbs_separator_color":"","ocean_breadcrumbs_links_color":"","ocean_breadcrumbs_links_hover_color":"","ocean_display_footer_widgets":"default","ocean_display_footer_bottom":"default","ocean_custom_footer_template":"0","footnotes":""},"class_list":["post-922","page","type-page","status-publish","hentry","entry"],"_links":{"self":[{"href":"https:\/\/zsp3.com.pl\/index.php\/wp-json\/wp\/v2\/pages\/922","targetHints":{"allow":["GET"]}}],"collection":[{"href":"https:\/\/zsp3.com.pl\/index.php\/wp-json\/wp\/v2\/pages"}],"about":[{"href":"https:\/\/zsp3.com.pl\/index.php\/wp-json\/wp\/v2\/types\/page"}],"author":[{"embeddable":true,"href":"https:\/\/zsp3.com.pl\/index.php\/wp-json\/wp\/v2\/users\/1"}],"replies":[{"embeddable":true,"href":"https:\/\/zsp3.com.pl\/index.php\/wp-json\/wp\/v2\/comments?post=922"}],"version-history":[{"count":59,"href":"https:\/\/zsp3.com.pl\/index.php\/wp-json\/wp\/v2\/pages\/922\/revisions"}],"predecessor-version":[{"id":5524,"href":"https:\/\/zsp3.com.pl\/index.php\/wp-json\/wp\/v2\/pages\/922\/revisions\/5524"}],"up":[{"embeddable":true,"href":"https:\/\/zsp3.com.pl\/index.php\/wp-json\/wp\/v2\/pages\/857"}],"wp:attachment":[{"href":"https:\/\/zsp3.com.pl\/index.php\/wp-json\/wp\/v2\/media?parent=922"}],"curies":[{"name":"wp","href":"https:\/\/api.w.org\/{rel}","templated":true}]}}